{"id":34,"date":"2013-03-05T20:25:48","date_gmt":"2013-03-05T20:25:48","guid":{"rendered":"http:\/\/borjanu.se\/?page_id=34"},"modified":"2025-01-30T13:15:36","modified_gmt":"2025-01-30T13:15:36","slug":"friskvard-i-foretaget","status":"publish","type":"page","link":"http:\/\/www.borjanu.se\/?page_id=34","title":{"rendered":"F\u00d6RETAG VXO"},"content":{"rendered":"<h1>V\u00e5ra medarbetare \u00e4r k\u00e4rnan i f\u00f6retaget!<\/h1>\n<p>S\u00e5 sj\u00e4lvklart f\u00f6rst\u00e5r jag att du vill g\u00f6ra en h\u00e4lsosatsning d\u00e4r du jobbar! Du kan bara vinna genom att satsa p\u00e5 friskfaktorer p\u00e5 arbetsplatsen! B\u00f6rja Nu \u00e4r f\u00f6retaget som hj\u00e4lper er att jobba fr\u00e4mjande d\u00e4r tr\u00e4ning och h\u00e4lsa \u00e4r en del av organisationens&nbsp; arbetsmilj\u00f6arbete. Genom att skr\u00e4ddarsy tr\u00e4ningspass, boka in h\u00e4lsosamtal d\u00e4r vi pratar om den vardagliga h\u00e4lsan, ordna h\u00e4lsof\u00f6rel\u00e4sningar och guida effektiva r\u00f6relse\u00f6vningar kommer ni f\u00e5 verktyg till \u00f6kad friskn\u00e4rvaro och fin gemenskap.<\/p>\n<p>En viktig h\u00f6rnsten i implementeringen av en \u00f6kad friskn\u00e4rvaro \u00e4r att f\u00e5 med h\u00f6gsta ledningen f\u00f6r att f\u00f6rankra fr\u00e5gan ut i hela organisationen, se till att alla f\u00e5r tid att f\u00f6rst\u00e5 vad f\u00f6r\u00e4ndringen inneb\u00e4r, att alla f\u00e5r m\u00f6jlighet att l\u00e4sa och st\u00e4lla fr\u00e5gor vad fr\u00e5gan inneb\u00e4r, och se till att hela organisationen f\u00e5r samma information.<\/p>\n<p>Vi erbjuder tr\u00e4ning och r\u00f6relse:<\/p>\n<p>Har ni flera medarbetare som har administrationstj\u00e4nster och k\u00e4nner av stela nackar och onda ryggar? Ja, d\u00e5 l\u00e4gger vi tr\u00e4ningen f\u00f6r att f\u00f6rebygga framtida skador!<\/p>\n<p>Har ni flera medarbetare som har ett psykiskt kr\u00e4vande arbetssituation d\u00e4r lugn och ro beh\u00f6vs? Ja, d\u00e5 anpassar vi uppl\u00e4gget till den gruppen.<\/p>\n<p>Har ni flera medarbetare som har fysiskt kr\u00e4vande tj\u00e4nster och k\u00e4nner av tr\u00f6tthet i kroppen? D\u00e5 anpassar vi tr\u00e4ningen f\u00f6r att f\u00f6rebygga framtida skador<\/p>\n<p>Vi erbjuder h\u00e4lsosamtal:<\/p>\n<p>Varje medarbetare f\u00e5r svara p\u00e5 fr\u00e5gor om sin s\u00f6mn, livspussel, hur mycket de r\u00f6r sig fysiskt, hur mycket de l\u00e4gger p\u00e5 sociala medier, socialt, mat och dryck. Dessa fr\u00e5gor handlar om att individen f\u00e5r en \u00f6verblick \u00f6ver sin vardag. \u00c4r det n\u00e5got medarbetaren vill f\u00f6r\u00e4ndra? Hj\u00e4lp att s\u00e4tta m\u00e5l? \u00c4r n\u00f6jd som det \u00e4r? Samtalen genomf\u00f6rs med ett intervall p\u00e5 8 veckor.<\/p>\n<p>Vi erbjuder h\u00e4lsof\u00f6rel\u00e4sningar:<\/p>\n<p>De b\u00e4sta f\u00f6rel\u00e4sningarna anser jag \u00e4r n\u00e4r deltagarna sj\u00e4lva \u00e4r engagerade och det blir snarlikt en dialog i f\u00f6rel\u00e4sningen! I ett \u00e4mne som h\u00e4lsa som rubrik p\u00e5 f\u00f6rel\u00e4sningen \u00f6ppnar upp till flera fr\u00e5gor och flera svar s\u00e5 med denna f\u00f6rel\u00e4sningen f\u00e5r ni ett anpassat material till just er arbetsplats. Varje f\u00f6rel\u00e4sning \u00e4r mellan 45-60 minuter.<\/p>\n<p>Tr\u00e4ning &amp; h\u00e4lsa p\u00e5 jobbet skapar inte bara en fysiskt och mentalt stark arbetsplats utan det skapar en gemenskap som vi bara kan \u00e5stadkomma genom att umg\u00e5s och skapa minnen tillsammans!<\/p>\n<p>F\u00f6r mer information samt offertf\u00f6rslag kontakta Carolina Bj\u00f6rfj\u00e4ll.<\/p>\n<p>&nbsp;<\/p>\n<p>Jag ser framemot att tr\u00e4ffas!<\/p>\n<p>Carolina Bj\u00f6rfj\u00e4ll<\/p>\n<p>Friskv\u00e5rdpedagog &amp; personlig tr\u00e4nare<\/p>\n<p>carolina@borjanu.se<\/p>\n<p>0733-641068<\/p>\n<h2 style=\"text-align: center;\"><img loading=\"lazy\" decoding=\"async\" class=\"attachment-266x266 size-266x266\" style=\"color: #2d3033; font-family: Roboto, Arial; font-size: 16px;\" src=\"http:\/\/borjanu.se\/wp-content\/uploads\/2020\/09\/IMG_5701-scaled.jpg\" sizes=\"auto, (max-width: 266px) 100vw, 266px\" srcset=\"https:\/\/borjanu.se\/wp-content\/uploads\/2020\/09\/IMG_5701-scaled.jpg 2560w, https:\/\/borjanu.se\/wp-content\/uploads\/2020\/09\/IMG_5701-300x225.jpg 300w, https:\/\/borjanu.se\/wp-content\/uploads\/2020\/09\/IMG_5701-1024x768.jpg 1024w, https:\/\/borjanu.se\/wp-content\/uploads\/2020\/09\/IMG_5701-768x576.jpg 768w, https:\/\/borjanu.se\/wp-content\/uploads\/2020\/09\/IMG_5701-1536x1152.jpg 1536w, https:\/\/borjanu.se\/wp-content\/uploads\/2020\/09\/IMG_5701-2048x1536.jpg 2048w\" alt=\"Investera i friskfaktorer!\" width=\"266\" height=\"200\"><\/h2>\n<p>&nbsp;<\/p>\n<p>&nbsp;<\/p>\n<p>&nbsp;<\/p>\n<p>&nbsp;<\/p>\n<p>&nbsp;<\/p>\n<p style=\"text-align: center;\">Mejl: <a href=\"mailto:carolina@borjanu.se\">carolina@borjanu.se<\/a><\/p>\n<p>&nbsp;<\/p>\n<p><strong>&nbsp;<\/strong><\/p>\n<p>&nbsp;<\/p>\n<h2 style=\"text-align: center;\"><strong>V\u00e4lkommen!<\/strong><\/h2>\n<p>&nbsp;<\/p>\n<p>&nbsp;<\/p>\n<p>&nbsp;<\/p>\n<p>&nbsp;<\/p>\n<p>&nbsp;<\/p>\n<p>&nbsp;<\/p>\n<p>&nbsp;<\/p>\n<p>&nbsp;<\/p>\n<p>&nbsp;<\/p>\n<p>&nbsp;<\/p>\n<h3>&nbsp;<\/h3>\n<p>&nbsp;<\/p>\n","protected":false},"excerpt":{"rendered":"<p>V\u00e5ra medarbetare \u00e4r k\u00e4rnan i f\u00f6retaget! S\u00e5 sj\u00e4lvklart f\u00f6rst\u00e5r jag att du vill g\u00f6ra en h\u00e4lsosatsning d\u00e4r du jobbar! Du kan bara vinna genom att satsa p\u00e5 friskfaktorer p\u00e5 arbetsplatsen! B\u00f6rja Nu \u00e4r f\u00f6retaget som hj\u00e4lper er att jobba fr\u00e4mjande d\u00e4r tr\u00e4ning och h\u00e4lsa \u00e4r en del av organisationens&nbsp; arbetsmilj\u00f6arbete. Genom att skr\u00e4ddarsy tr\u00e4ningspass, boka [&hellip;]<\/p>\n","protected":false},"author":1,"featured_media":0,"parent":0,"menu_order":20,"comment_status":"closed","ping_status":"open","template":"","meta":{"_exactmetrics_skip_tracking":false,"_exactmetrics_sitenote_active":false,"_exactmetrics_sitenote_note":"","_exactmetrics_sitenote_category":0,"_monsterinsights_skip_tracking":false,"_monsterinsights_sitenote_active":false,"_monsterinsights_sitenote_note":"","_monsterinsights_sitenote_category":0,"ngg_post_thumbnail":0,"footnotes":""},"class_list":["post-34","page","type-page","status-publish","hentry"],"yoast_head":"<!-- This site is optimized with the Yoast SEO plugin v24.2 - https:\/\/yoast.com\/wordpress\/plugins\/seo\/ -->\n<title>F\u00d6RETAG VXO -<\/title>\n<meta name=\"robots\" content=\"index, follow, max-snippet:-1, max-image-preview:large, max-video-preview:-1\" \/>\n<link rel=\"canonical\" href=\"http:\/\/www.borjanu.se\/?page_id=34\" \/>\n<meta property=\"og:locale\" content=\"en_US\" \/>\n<meta property=\"og:type\" content=\"article\" \/>\n<meta property=\"og:title\" content=\"F\u00d6RETAG VXO -\" \/>\n<meta property=\"og:description\" content=\"V\u00e5ra medarbetare \u00e4r k\u00e4rnan i f\u00f6retaget! S\u00e5 sj\u00e4lvklart f\u00f6rst\u00e5r jag att du vill g\u00f6ra en h\u00e4lsosatsning d\u00e4r du jobbar! Du kan bara vinna genom att satsa p\u00e5 friskfaktorer p\u00e5 arbetsplatsen! B\u00f6rja Nu \u00e4r f\u00f6retaget som hj\u00e4lper er att jobba fr\u00e4mjande d\u00e4r tr\u00e4ning och h\u00e4lsa \u00e4r en del av organisationens&nbsp; arbetsmilj\u00f6arbete. Genom att skr\u00e4ddarsy tr\u00e4ningspass, boka [&hellip;]\" \/>\n<meta property=\"og:url\" content=\"http:\/\/www.borjanu.se\/?page_id=34\" \/>\n<meta property=\"article:modified_time\" content=\"2025-01-30T13:15:36+00:00\" \/>\n<meta property=\"og:image\" content=\"http:\/\/borjanu.se\/wp-content\/uploads\/2020\/09\/IMG_5701-scaled.jpg\" \/>\n<meta name=\"twitter:card\" content=\"summary_large_image\" \/>\n<meta name=\"twitter:label1\" content=\"Est. reading time\" \/>\n\t<meta name=\"twitter:data1\" content=\"2 minutes\" \/>\n<script type=\"application\/ld+json\" class=\"yoast-schema-graph\">{\"@context\":\"https:\/\/schema.org\",\"@graph\":[{\"@type\":\"WebPage\",\"@id\":\"http:\/\/www.borjanu.se\/?page_id=34\",\"url\":\"http:\/\/www.borjanu.se\/?page_id=34\",\"name\":\"F\u00d6RETAG VXO -\",\"isPartOf\":{\"@id\":\"http:\/\/www.borjanu.se\/#website\"},\"primaryImageOfPage\":{\"@id\":\"http:\/\/www.borjanu.se\/?page_id=34#primaryimage\"},\"image\":{\"@id\":\"http:\/\/www.borjanu.se\/?page_id=34#primaryimage\"},\"thumbnailUrl\":\"http:\/\/borjanu.se\/wp-content\/uploads\/2020\/09\/IMG_5701-scaled.jpg\",\"datePublished\":\"2013-03-05T20:25:48+00:00\",\"dateModified\":\"2025-01-30T13:15:36+00:00\",\"breadcrumb\":{\"@id\":\"http:\/\/www.borjanu.se\/?page_id=34#breadcrumb\"},\"inLanguage\":\"en-US\",\"potentialAction\":[{\"@type\":\"ReadAction\",\"target\":[\"http:\/\/www.borjanu.se\/?page_id=34\"]}]},{\"@type\":\"ImageObject\",\"inLanguage\":\"en-US\",\"@id\":\"http:\/\/www.borjanu.se\/?page_id=34#primaryimage\",\"url\":\"http:\/\/borjanu.se\/wp-content\/uploads\/2020\/09\/IMG_5701-scaled.jpg\",\"contentUrl\":\"http:\/\/borjanu.se\/wp-content\/uploads\/2020\/09\/IMG_5701-scaled.jpg\"},{\"@type\":\"BreadcrumbList\",\"@id\":\"http:\/\/www.borjanu.se\/?page_id=34#breadcrumb\",\"itemListElement\":[{\"@type\":\"ListItem\",\"position\":1,\"name\":\"Home\",\"item\":\"http:\/\/www.borjanu.se\/\"},{\"@type\":\"ListItem\",\"position\":2,\"name\":\"F\u00d6RETAG VXO\"}]},{\"@type\":\"WebSite\",\"@id\":\"http:\/\/www.borjanu.se\/#website\",\"url\":\"http:\/\/www.borjanu.se\/\",\"name\":\"\",\"description\":\"Tr\u00e4ning &amp; h\u00e4lsa!\",\"potentialAction\":[{\"@type\":\"SearchAction\",\"target\":{\"@type\":\"EntryPoint\",\"urlTemplate\":\"http:\/\/www.borjanu.se\/?s={search_term_string}\"},\"query-input\":{\"@type\":\"PropertyValueSpecification\",\"valueRequired\":true,\"valueName\":\"search_term_string\"}}],\"inLanguage\":\"en-US\"}]}<\/script>\n<!-- \/ Yoast SEO plugin. -->","yoast_head_json":{"title":"F\u00d6RETAG VXO -","robots":{"index":"index","follow":"follow","max-snippet":"max-snippet:-1","max-image-preview":"max-image-preview:large","max-video-preview":"max-video-preview:-1"},"canonical":"http:\/\/www.borjanu.se\/?page_id=34","og_locale":"en_US","og_type":"article","og_title":"F\u00d6RETAG VXO -","og_description":"V\u00e5ra medarbetare \u00e4r k\u00e4rnan i f\u00f6retaget! S\u00e5 sj\u00e4lvklart f\u00f6rst\u00e5r jag att du vill g\u00f6ra en h\u00e4lsosatsning d\u00e4r du jobbar! Du kan bara vinna genom att satsa p\u00e5 friskfaktorer p\u00e5 arbetsplatsen! B\u00f6rja Nu \u00e4r f\u00f6retaget som hj\u00e4lper er att jobba fr\u00e4mjande d\u00e4r tr\u00e4ning och h\u00e4lsa \u00e4r en del av organisationens&nbsp; arbetsmilj\u00f6arbete. Genom att skr\u00e4ddarsy tr\u00e4ningspass, boka [&hellip;]","og_url":"http:\/\/www.borjanu.se\/?page_id=34","article_modified_time":"2025-01-30T13:15:36+00:00","og_image":[{"url":"http:\/\/borjanu.se\/wp-content\/uploads\/2020\/09\/IMG_5701-scaled.jpg","type":"","width":"","height":""}],"twitter_card":"summary_large_image","twitter_misc":{"Est. reading time":"2 minutes"},"schema":{"@context":"https:\/\/schema.org","@graph":[{"@type":"WebPage","@id":"http:\/\/www.borjanu.se\/?page_id=34","url":"http:\/\/www.borjanu.se\/?page_id=34","name":"F\u00d6RETAG VXO -","isPartOf":{"@id":"http:\/\/www.borjanu.se\/#website"},"primaryImageOfPage":{"@id":"http:\/\/www.borjanu.se\/?page_id=34#primaryimage"},"image":{"@id":"http:\/\/www.borjanu.se\/?page_id=34#primaryimage"},"thumbnailUrl":"http:\/\/borjanu.se\/wp-content\/uploads\/2020\/09\/IMG_5701-scaled.jpg","datePublished":"2013-03-05T20:25:48+00:00","dateModified":"2025-01-30T13:15:36+00:00","breadcrumb":{"@id":"http:\/\/www.borjanu.se\/?page_id=34#breadcrumb"},"inLanguage":"en-US","potentialAction":[{"@type":"ReadAction","target":["http:\/\/www.borjanu.se\/?page_id=34"]}]},{"@type":"ImageObject","inLanguage":"en-US","@id":"http:\/\/www.borjanu.se\/?page_id=34#primaryimage","url":"http:\/\/borjanu.se\/wp-content\/uploads\/2020\/09\/IMG_5701-scaled.jpg","contentUrl":"http:\/\/borjanu.se\/wp-content\/uploads\/2020\/09\/IMG_5701-scaled.jpg"},{"@type":"BreadcrumbList","@id":"http:\/\/www.borjanu.se\/?page_id=34#breadcrumb","itemListElement":[{"@type":"ListItem","position":1,"name":"Home","item":"http:\/\/www.borjanu.se\/"},{"@type":"ListItem","position":2,"name":"F\u00d6RETAG VXO"}]},{"@type":"WebSite","@id":"http:\/\/www.borjanu.se\/#website","url":"http:\/\/www.borjanu.se\/","name":"","description":"Tr\u00e4ning &amp; h\u00e4lsa!","potentialAction":[{"@type":"SearchAction","target":{"@type":"EntryPoint","urlTemplate":"http:\/\/www.borjanu.se\/?s={search_term_string}"},"query-input":{"@type":"PropertyValueSpecification","valueRequired":true,"valueName":"search_term_string"}}],"inLanguage":"en-US"}]}},"_links":{"self":[{"href":"http:\/\/www.borjanu.se\/index.php?rest_route=\/wp\/v2\/pages\/34","targetHints":{"allow":["GET"]}}],"collection":[{"href":"http:\/\/www.borjanu.se\/index.php?rest_route=\/wp\/v2\/pages"}],"about":[{"href":"http:\/\/www.borjanu.se\/index.php?rest_route=\/wp\/v2\/types\/page"}],"author":[{"embeddable":true,"href":"http:\/\/www.borjanu.se\/index.php?rest_route=\/wp\/v2\/users\/1"}],"replies":[{"embeddable":true,"href":"http:\/\/www.borjanu.se\/index.php?rest_route=%2Fwp%2Fv2%2Fcomments&post=34"}],"version-history":[{"count":55,"href":"http:\/\/www.borjanu.se\/index.php?rest_route=\/wp\/v2\/pages\/34\/revisions"}],"predecessor-version":[{"id":1648,"href":"http:\/\/www.borjanu.se\/index.php?rest_route=\/wp\/v2\/pages\/34\/revisions\/1648"}],"wp:attachment":[{"href":"http:\/\/www.borjanu.se\/index.php?rest_route=%2Fwp%2Fv2%2Fmedia&parent=34"}],"curies":[{"name":"wp","href":"https:\/\/api.w.org\/{rel}","templated":true}]}}