{"id":163,"date":"2013-05-14T11:44:05","date_gmt":"2013-05-14T11:44:05","guid":{"rendered":"http:\/\/www.borjanu.se\/?page_id=163"},"modified":"2025-01-22T14:01:51","modified_gmt":"2025-01-22T14:01:51","slug":"kontakt","status":"publish","type":"page","link":"http:\/\/www.borjanu.se\/?page_id=163","title":{"rendered":"Kontakt"},"content":{"rendered":"<p>Kontaktuppgifter: Carolina Bj\u00f6rfj\u00e4ll<\/p>\n<p>Telefon: 0733-64 10 68<\/p>\n<p>Mejl: carolina@borjanu.se<\/p>\n<p>Instagram:borjanutraning<\/p>\n<p>Facebook: B\u00f6rja nu<\/p>\n<p>&nbsp;<\/p>\n<p><a href=\"http:\/\/borjanu.se\/wp-content\/uploads\/2013\/12\/d\u00e5l\u00e4ge-till-nul\u00e4ge.jpg\"><img loading=\"lazy\" decoding=\"async\" class=\"attachment-266x266 size-266x266\" src=\"http:\/\/borjanu.se\/wp-content\/uploads\/2020\/08\/entre_futurum20200817_011651463.jpg\" sizes=\"auto, (max-width: 200px) 100vw, 200px\" srcset=\"https:\/\/borjanu.se\/wp-content\/uploads\/2020\/08\/entre_futurum20200817_011651463.jpg 744w, https:\/\/borjanu.se\/wp-content\/uploads\/2020\/08\/entre_futurum20200817_011651463-225x300.jpg 225w\" alt=\"Hemmatr\u00e4ning, tr\u00e4na n\u00e4r du har tid!\" width=\"200\" height=\"266\"><\/a><\/p>\n<p>&nbsp;Kroppen blir glad vad du \u00e4n g\u00f6r och faktiskt kvittar det om du \u00e4r i gymmet, om du \u00e4r i naturen, i tr\u00e4dg\u00e5rden eller&nbsp; mekar med bilen. Kroppen \u00e4r n\u00f6jd bara du r\u00f6r p\u00e5 dig! R\u00f6relse &amp; tr\u00e4ning ska vara roligt f\u00f6r d\u00e5 \u00e4r m\u00f6jligheterna st\u00f6rre att du g\u00f6r det igen! T\u00e4nk p\u00e5 det k\u00e4ra v\u00e4nner =)&nbsp;<\/p>\n<p>&nbsp;<\/p>\n","protected":false},"excerpt":{"rendered":"<p>Kontaktuppgifter: Carolina Bj\u00f6rfj\u00e4ll Telefon: 0733-64 10 68 Mejl: carolina@borjanu.se Instagram:borjanutraning Facebook: B\u00f6rja nu &nbsp; &nbsp;Kroppen blir glad vad du \u00e4n g\u00f6r och faktiskt kvittar det om du \u00e4r i gymmet, om du \u00e4r i naturen, i tr\u00e4dg\u00e5rden eller&nbsp; mekar med bilen. Kroppen \u00e4r n\u00f6jd bara du r\u00f6r p\u00e5 dig! R\u00f6relse &amp; tr\u00e4ning ska vara roligt [&hellip;]<\/p>\n","protected":false},"author":2,"featured_media":985,"parent":0,"menu_order":90,"comment_status":"open","ping_status":"open","template":"","meta":{"_exactmetrics_skip_tracking":false,"_exactmetrics_sitenote_active":false,"_exactmetrics_sitenote_note":"","_exactmetrics_sitenote_category":0,"_monsterinsights_skip_tracking":false,"_monsterinsights_sitenote_active":false,"_monsterinsights_sitenote_note":"","_monsterinsights_sitenote_category":0,"ngg_post_thumbnail":0,"footnotes":""},"class_list":["post-163","page","type-page","status-publish","has-post-thumbnail","hentry"],"yoast_head":"<!-- This site is optimized with the Yoast SEO plugin v24.2 - https:\/\/yoast.com\/wordpress\/plugins\/seo\/ -->\n<title>Kontakt -<\/title>\n<meta name=\"robots\" content=\"index, follow, max-snippet:-1, max-image-preview:large, max-video-preview:-1\" \/>\n<link rel=\"canonical\" href=\"https:\/\/www.borjanu.se\/?page_id=163\" \/>\n<meta property=\"og:locale\" content=\"en_US\" \/>\n<meta property=\"og:type\" content=\"article\" \/>\n<meta property=\"og:title\" content=\"Kontakt -\" \/>\n<meta property=\"og:description\" content=\"Kontaktuppgifter: Carolina Bj\u00f6rfj\u00e4ll Telefon: 0733-64 10 68 Mejl: carolina@borjanu.se Instagram:borjanutraning Facebook: B\u00f6rja nu &nbsp; &nbsp;Kroppen blir glad vad du \u00e4n g\u00f6r och faktiskt kvittar det om du \u00e4r i gymmet, om du \u00e4r i naturen, i tr\u00e4dg\u00e5rden eller&nbsp; mekar med bilen. Kroppen \u00e4r n\u00f6jd bara du r\u00f6r p\u00e5 dig! R\u00f6relse &amp; tr\u00e4ning ska vara roligt [&hellip;]\" \/>\n<meta property=\"og:url\" content=\"https:\/\/www.borjanu.se\/?page_id=163\" \/>\n<meta property=\"article:modified_time\" content=\"2025-01-22T14:01:51+00:00\" \/>\n<meta property=\"og:image\" content=\"https:\/\/borjanu.se\/wp-content\/uploads\/2020\/08\/entre_futurum20200817_011651463.jpg\" \/>\n\t<meta property=\"og:image:width\" content=\"744\" \/>\n\t<meta property=\"og:image:height\" content=\"992\" \/>\n\t<meta property=\"og:image:type\" content=\"image\/jpeg\" \/>\n<meta name=\"twitter:card\" content=\"summary_large_image\" \/>\n<script type=\"application\/ld+json\" class=\"yoast-schema-graph\">{\"@context\":\"https:\/\/schema.org\",\"@graph\":[{\"@type\":\"WebPage\",\"@id\":\"https:\/\/www.borjanu.se\/?page_id=163\",\"url\":\"https:\/\/www.borjanu.se\/?page_id=163\",\"name\":\"Kontakt -\",\"isPartOf\":{\"@id\":\"http:\/\/www.borjanu.se\/#website\"},\"primaryImageOfPage\":{\"@id\":\"https:\/\/www.borjanu.se\/?page_id=163#primaryimage\"},\"image\":{\"@id\":\"https:\/\/www.borjanu.se\/?page_id=163#primaryimage\"},\"thumbnailUrl\":\"http:\/\/borjanu.se\/wp-content\/uploads\/2020\/08\/entre_futurum20200817_011651463.jpg\",\"datePublished\":\"2013-05-14T11:44:05+00:00\",\"dateModified\":\"2025-01-22T14:01:51+00:00\",\"breadcrumb\":{\"@id\":\"https:\/\/www.borjanu.se\/?page_id=163#breadcrumb\"},\"inLanguage\":\"en-US\",\"potentialAction\":[{\"@type\":\"ReadAction\",\"target\":[\"https:\/\/www.borjanu.se\/?page_id=163\"]}]},{\"@type\":\"ImageObject\",\"inLanguage\":\"en-US\",\"@id\":\"https:\/\/www.borjanu.se\/?page_id=163#primaryimage\",\"url\":\"http:\/\/borjanu.se\/wp-content\/uploads\/2020\/08\/entre_futurum20200817_011651463.jpg\",\"contentUrl\":\"http:\/\/borjanu.se\/wp-content\/uploads\/2020\/08\/entre_futurum20200817_011651463.jpg\",\"width\":744,\"height\":992,\"caption\":\"Hemmatr\u00e4ning, tr\u00e4na n\u00e4r du har tid!\"},{\"@type\":\"BreadcrumbList\",\"@id\":\"https:\/\/www.borjanu.se\/?page_id=163#breadcrumb\",\"itemListElement\":[{\"@type\":\"ListItem\",\"position\":1,\"name\":\"Home\",\"item\":\"http:\/\/www.borjanu.se\/\"},{\"@type\":\"ListItem\",\"position\":2,\"name\":\"Kontakt\"}]},{\"@type\":\"WebSite\",\"@id\":\"http:\/\/www.borjanu.se\/#website\",\"url\":\"http:\/\/www.borjanu.se\/\",\"name\":\"\",\"description\":\"Tr\u00e4ning &amp; h\u00e4lsa!\",\"potentialAction\":[{\"@type\":\"SearchAction\",\"target\":{\"@type\":\"EntryPoint\",\"urlTemplate\":\"http:\/\/www.borjanu.se\/?s={search_term_string}\"},\"query-input\":{\"@type\":\"PropertyValueSpecification\",\"valueRequired\":true,\"valueName\":\"search_term_string\"}}],\"inLanguage\":\"en-US\"}]}<\/script>\n<!-- \/ Yoast SEO plugin. -->","yoast_head_json":{"title":"Kontakt -","robots":{"index":"index","follow":"follow","max-snippet":"max-snippet:-1","max-image-preview":"max-image-preview:large","max-video-preview":"max-video-preview:-1"},"canonical":"https:\/\/www.borjanu.se\/?page_id=163","og_locale":"en_US","og_type":"article","og_title":"Kontakt -","og_description":"Kontaktuppgifter: Carolina Bj\u00f6rfj\u00e4ll Telefon: 0733-64 10 68 Mejl: carolina@borjanu.se Instagram:borjanutraning Facebook: B\u00f6rja nu &nbsp; &nbsp;Kroppen blir glad vad du \u00e4n g\u00f6r och faktiskt kvittar det om du \u00e4r i gymmet, om du \u00e4r i naturen, i tr\u00e4dg\u00e5rden eller&nbsp; mekar med bilen. Kroppen \u00e4r n\u00f6jd bara du r\u00f6r p\u00e5 dig! R\u00f6relse &amp; tr\u00e4ning ska vara roligt [&hellip;]","og_url":"https:\/\/www.borjanu.se\/?page_id=163","article_modified_time":"2025-01-22T14:01:51+00:00","og_image":[{"width":744,"height":992,"url":"https:\/\/borjanu.se\/wp-content\/uploads\/2020\/08\/entre_futurum20200817_011651463.jpg","type":"image\/jpeg"}],"twitter_card":"summary_large_image","schema":{"@context":"https:\/\/schema.org","@graph":[{"@type":"WebPage","@id":"https:\/\/www.borjanu.se\/?page_id=163","url":"https:\/\/www.borjanu.se\/?page_id=163","name":"Kontakt -","isPartOf":{"@id":"http:\/\/www.borjanu.se\/#website"},"primaryImageOfPage":{"@id":"https:\/\/www.borjanu.se\/?page_id=163#primaryimage"},"image":{"@id":"https:\/\/www.borjanu.se\/?page_id=163#primaryimage"},"thumbnailUrl":"http:\/\/borjanu.se\/wp-content\/uploads\/2020\/08\/entre_futurum20200817_011651463.jpg","datePublished":"2013-05-14T11:44:05+00:00","dateModified":"2025-01-22T14:01:51+00:00","breadcrumb":{"@id":"https:\/\/www.borjanu.se\/?page_id=163#breadcrumb"},"inLanguage":"en-US","potentialAction":[{"@type":"ReadAction","target":["https:\/\/www.borjanu.se\/?page_id=163"]}]},{"@type":"ImageObject","inLanguage":"en-US","@id":"https:\/\/www.borjanu.se\/?page_id=163#primaryimage","url":"http:\/\/borjanu.se\/wp-content\/uploads\/2020\/08\/entre_futurum20200817_011651463.jpg","contentUrl":"http:\/\/borjanu.se\/wp-content\/uploads\/2020\/08\/entre_futurum20200817_011651463.jpg","width":744,"height":992,"caption":"Hemmatr\u00e4ning, tr\u00e4na n\u00e4r du har tid!"},{"@type":"BreadcrumbList","@id":"https:\/\/www.borjanu.se\/?page_id=163#breadcrumb","itemListElement":[{"@type":"ListItem","position":1,"name":"Home","item":"http:\/\/www.borjanu.se\/"},{"@type":"ListItem","position":2,"name":"Kontakt"}]},{"@type":"WebSite","@id":"http:\/\/www.borjanu.se\/#website","url":"http:\/\/www.borjanu.se\/","name":"","description":"Tr\u00e4ning &amp; h\u00e4lsa!","potentialAction":[{"@type":"SearchAction","target":{"@type":"EntryPoint","urlTemplate":"http:\/\/www.borjanu.se\/?s={search_term_string}"},"query-input":{"@type":"PropertyValueSpecification","valueRequired":true,"valueName":"search_term_string"}}],"inLanguage":"en-US"}]}},"_links":{"self":[{"href":"http:\/\/www.borjanu.se\/index.php?rest_route=\/wp\/v2\/pages\/163","targetHints":{"allow":["GET"]}}],"collection":[{"href":"http:\/\/www.borjanu.se\/index.php?rest_route=\/wp\/v2\/pages"}],"about":[{"href":"http:\/\/www.borjanu.se\/index.php?rest_route=\/wp\/v2\/types\/page"}],"author":[{"embeddable":true,"href":"http:\/\/www.borjanu.se\/index.php?rest_route=\/wp\/v2\/users\/2"}],"replies":[{"embeddable":true,"href":"http:\/\/www.borjanu.se\/index.php?rest_route=%2Fwp%2Fv2%2Fcomments&post=163"}],"version-history":[{"count":18,"href":"http:\/\/www.borjanu.se\/index.php?rest_route=\/wp\/v2\/pages\/163\/revisions"}],"predecessor-version":[{"id":1690,"href":"http:\/\/www.borjanu.se\/index.php?rest_route=\/wp\/v2\/pages\/163\/revisions\/1690"}],"wp:featuredmedia":[{"embeddable":true,"href":"http:\/\/www.borjanu.se\/index.php?rest_route=\/wp\/v2\/media\/985"}],"wp:attachment":[{"href":"http:\/\/www.borjanu.se\/index.php?rest_route=%2Fwp%2Fv2%2Fmedia&parent=163"}],"curies":[{"name":"wp","href":"https:\/\/api.w.org\/{rel}","templated":true}]}}